{"id":557,"date":"2024-04-11T12:11:20","date_gmt":"2024-04-11T10:11:20","guid":{"rendered":"https:\/\/satinsa.com\/legal-notice\/"},"modified":"2024-06-07T10:32:51","modified_gmt":"2024-06-07T08:32:51","slug":"legal-notice","status":"publish","type":"page","link":"https:\/\/satinsa.com\/en\/legal-notice\/","title":{"rendered":"Legal notice"},"content":{"rendered":"\t\t<div data-elementor-type=\"wp-page\" data-elementor-id=\"557\" class=\"elementor elementor-557 elementor-426\" data-elementor-post-type=\"page\">\n\t\t\t\t\t\t<section class=\"elementor-section elementor-top-section elementor-element elementor-element-f2e15ed elementor-section-full_width elementor-section-height-min-height elementor-section-height-default elementor-section-items-middle\" data-id=\"f2e15ed\" data-element_type=\"section\" data-settings=\"{&quot;background_background&quot;:&quot;classic&quot;}\">\n\t\t\t\t\t\t<div class=\"elementor-container elementor-column-gap-default\">\n\t\t\t\t\t<div class=\"elementor-column elementor-col-100 elementor-top-column elementor-element elementor-element-ba93edf letter-animation\" data-id=\"ba93edf\" data-element_type=\"column\">\n\t\t\t<div class=\"elementor-widget-wrap elementor-element-populated\">\n\t\t\t\t\t\t<div class=\"elementor-element elementor-element-db27083 elementor-widget__width-auto split-text elementor-widget elementor-widget-heading\" data-id=\"db27083\" data-element_type=\"widget\" data-widget_type=\"heading.default\">\n\t\t\t\t<div class=\"elementor-widget-container\">\n\t\t\t<h2 class=\"elementor-heading-title elementor-size-default\">Legal notice<\/h2>\t\t<\/div>\n\t\t\t\t<\/div>\n\t\t\t\t\t<\/div>\n\t\t<\/div>\n\t\t\t\t\t<\/div>\n\t\t<\/section>\n\t\t\t\t<section class=\"elementor-section elementor-top-section elementor-element elementor-element-f85ad91 elementor-section-boxed elementor-section-height-default elementor-section-height-default\" data-id=\"f85ad91\" data-element_type=\"section\">\n\t\t\t\t\t\t<div class=\"elementor-container elementor-column-gap-default\">\n\t\t\t\t\t<div class=\"elementor-column elementor-col-100 elementor-top-column elementor-element elementor-element-8dc98fe\" data-id=\"8dc98fe\" data-element_type=\"column\">\n\t\t\t<div class=\"elementor-widget-wrap elementor-element-populated\">\n\t\t\t\t\t\t<div class=\"elementor-element elementor-element-7a4063b elementor-widget elementor-widget-text-editor\" data-id=\"7a4063b\" data-element_type=\"widget\" data-widget_type=\"text-editor.default\">\n\t\t\t\t<div class=\"elementor-widget-container\">\n\t\t\t\t\t\t\t<p>En cumplimiento del art\u00edculo 10 de la Ley 34\/2002, de 11 de julio, de Servicios de la Sociedad de la Informaci\u00f3n y Comercio Electr\u00f3nico,&nbsp;SA DE TINTES SANZ<span style=\"font-family: var( --e-global-typography-2290258-font-family ), Sans-serif;\"><span style=\"font-weight: var( --e-global-typography-2290258-font-weight );\">, en adelante &#8220;<\/span><\/span>SATINSA<span style=\"font-family: var( --e-global-typography-2290258-font-family ), Sans-serif;\"><span style=\"font-weight: var( --e-global-typography-2290258-font-weight );\">&#8221; le informa que se encuentra inscrita en el Registro Mercantil de Valencia, siendo sus datos identificativos los siguientes:<\/span><\/span><\/p>\n<h3><br><\/h3>\n<h3>DENOMINACI\u00d3N SOCIAL<\/h3>\n<p><b>SA&nbsp;<\/b><span style=\"font-family: var( --e-global-typography-2290258-font-family ), Sans-serif; font-size: var( --e-global-typography-2290258-font-size ); letter-spacing: var( --e-global-typography-2290258-letter-spacing ); word-spacing: var( --e-global-typography-2290258-word-spacing );\"><b>DE TINTES SANZ<br><\/b><\/span><span style=\"font-family: var( --e-global-typography-2290258-font-family ), Sans-serif; font-size: var( --e-global-typography-2290258-font-size ); font-weight: var( --e-global-typography-2290258-font-weight ); letter-spacing: var( --e-global-typography-2290258-letter-spacing ); word-spacing: var( --e-global-typography-2290258-word-spacing );\">N.I.F.:&nbsp;A46101291<\/span><\/p>\n<p>Domicilio social:&nbsp;PI. IP &#8211; 4B &#8211; Paseo de la Habana, 12<br>46890 <span style=\"font-family: var( --e-global-typography-text-font-family ), Sans-serif;\"><span style=\"font-weight: var( --e-global-typography-text-font-weight );\">&#8211; AGULLENT (VALENCIA)<\/span><\/span><\/p>\n<p>Tel\u00e9fono:&nbsp;96 290 86 46<\/p>\n<p>Correo electr\u00f3nico a efectos de comunicaci\u00f3n:<br>info@satinsa.com<\/p>\n<p>Todas las notificaciones y comunicaciones entre los usuarios y&nbsp;SATINSA&nbsp;se considerar\u00e1n eficaces, a todos los efectos, cuando se realicen a trav\u00e9s de correo postal o cualquier otro medio de los detallados anteriormente.<\/p>\n<p><br><\/p>\n<p><\/p>\n<h3>CONDICIONES DE ACCESO Y UTILIZACI\u00d3N<\/h3>\n<p>El presente aviso legal regula el uso del sitio web www.satinsa.com (en adelante, LA WEB), del que es titular SATINSA.<br>La navegaci\u00f3n por la web de SATINSA atribuye la condici\u00f3n de usuario del mismo e implica la aceptaci\u00f3n plena y sin reservas de todas y cada una de las disposiciones incluidas en este Aviso Legal, que pueden sufrir modificaciones.<\/p>\n<p>El sitio web y sus servicios son de acceso libre y gratuito, no obstante, SATINSA condiciona la utilizaci\u00f3n de algunos de los servicios ofrecidos en su web a la previa cumplimentaci\u00f3n del correspondiente formulario.<\/p>\n<p>Todos los contenidos del sitio web, como textos, fotograf\u00edas, gr\u00e1ficos, im\u00e1genes, iconos, tecnolog\u00eda, software, as\u00ed como su dise\u00f1o y c\u00f3digos fuente, constituyen una obra cuya propiedad pertenece a SATINSA sin que puedan entenderse cedidos al usuario ninguno de los derechos de explotaci\u00f3n sobre los mismos m\u00e1s all\u00e1 de lo estrictamente necesario para el correcto uso de la web.<br>El usuario garantiza la autenticidad y actualidad de todos aquellos datos que comunique a SATINSA y ser\u00e1 el \u00fanico responsable de las manifestaciones falsas o inexactas que realice.<br>El usuario se obliga a hacer un uso correcto del sitio web de conformidad con las leyes, la buena fe, el orden p\u00fablico, los usos del tr\u00e1fico y el presente Aviso Legal. El usuario responder\u00e1 frente a SATINSA o frente a terceros, de cualesquiera da\u00f1os y perjuicios que pudieran causarse como consecuencia del incumplimiento de dicha obligaci\u00f3n.<\/p>\n<h5>&nbsp;<\/h5>\n<h3>POL\u00cdTICA DE ENLACES Y EXENCIONES DE RESPONSABILIDADES<\/h3>\n<p>SATINSA no se hace responsable del contenido de las p\u00e1ginas web a las que el usuario pueda acceder a trav\u00e9s de los enlaces establecidos en www.satinsa.com y declara que en ning\u00fan caso proceder\u00e1 a examinar o ejercitar ning\u00fan tipo de control sobre el contenido de otras p\u00e1ginas de la red. Asimismo, tampoco garantizar\u00e1 la disponibilidad t\u00e9cnica, exactitud, veracidad, validez o legalidad de p\u00e1ginas ajenas a su propiedad a las que se pueda acceder por medio de los enlaces.<br>SATINSA declara haber adoptado todas las medidas necesarias para evitar cualesquiera da\u00f1os que, a los usuarios de www.satinsa.com, pudieran derivarse de la navegaci\u00f3n por la misma. En consecuencia, SATINSA no se hace responsable, en ning\u00fan caso, de los eventuales da\u00f1os que por la navegaci\u00f3n por Internet pudiera sufrir el usuario.<\/p>\n<p><br><\/p>\n<p><\/p>\n<h3>USO DE COOKIES Y DATOS ESTAD\u00cdSTICOS<\/h3>\n<p>Esta p\u00e1gina web puede recoger datos de sus visitantes por medio del uso de cookies, donde se recabar\u00e1 informaci\u00f3n personal relacionada con su navegaci\u00f3n. Para conocer de manera clara y precisa las cookies que utilizamos, cu\u00e1les son sus finalidades y c\u00f3mo puede configurarlas o deshabilitarlas, consulte nuestra pol\u00edtica de cookies, en su caso. El usuario tiene la posibilidad de configurar su navegador de modo que se le informe de la recepci\u00f3n de cookies, pudiendo, si as\u00ed lo desea, impedir que sean instaladas en su disco duro.<\/p>\n<p><br><\/p>\n<p><\/p>\n<h3>PROTECCI\u00d3N DE DATOS<\/h3>\n<p>En el caso de que en la web se recojan datos de car\u00e1cter personal, para m\u00e1s informaci\u00f3n consultar la pol\u00edtica de privacidad.<\/p>\t\t\t\t\t\t<\/div>\n\t\t\t\t<\/div>\n\t\t\t\t\t<\/div>\n\t\t<\/div>\n\t\t\t\t\t<\/div>\n\t\t<\/section>\n\t\t\t\t<\/div>\n\t\t","protected":false},"excerpt":{"rendered":"<p>Legal notice En cumplimiento del art\u00edculo 10 de la Ley 34\/2002, de 11 de julio, de Servicios de la Sociedad de la Informaci\u00f3n y Comercio Electr\u00f3nico,&nbsp;SA DE TINTES SANZ, en adelante &#8220;SATINSA&#8221; le informa que se encuentra inscrita en el Registro Mercantil de Valencia, siendo sus datos identificativos los siguientes: DENOMINACI\u00d3N SOCIAL SA&nbsp;DE TINTES SANZN.I.F.:&nbsp;A46101291 [&hellip;]<\/p>\n","protected":false},"author":1,"featured_media":0,"parent":0,"menu_order":0,"comment_status":"closed","ping_status":"closed","template":"elementor_header_footer","meta":{"_acf_changed":false,"footnotes":""},"class_list":["post-557","page","type-page","status-publish","hentry"],"acf":[],"yoast_head":"<!-- This site is optimized with the Yoast SEO plugin v22.4 - https:\/\/yoast.com\/wordpress\/plugins\/seo\/ -->\n<title>Legal notice - SATINSA<\/title>\n<meta name=\"robots\" content=\"index, follow, max-snippet:-1, max-image-preview:large, max-video-preview:-1\" \/>\n<link rel=\"canonical\" href=\"https:\/\/satinsa.com\/en\/legal-notice\/\" \/>\n<meta property=\"og:locale\" content=\"en_US\" \/>\n<meta property=\"og:type\" content=\"article\" \/>\n<meta property=\"og:title\" content=\"Legal notice - SATINSA\" \/>\n<meta property=\"og:description\" content=\"Legal notice En cumplimiento del art\u00edculo 10 de la Ley 34\/2002, de 11 de julio, de Servicios de la Sociedad de la Informaci\u00f3n y Comercio Electr\u00f3nico,&nbsp;SA DE TINTES SANZ, en adelante &#8220;SATINSA&#8221; le informa que se encuentra inscrita en el Registro Mercantil de Valencia, siendo sus datos identificativos los siguientes: DENOMINACI\u00d3N SOCIAL SA&nbsp;DE TINTES SANZN.I.F.:&nbsp;A46101291 [&hellip;]\" \/>\n<meta property=\"og:url\" content=\"https:\/\/satinsa.com\/en\/legal-notice\/\" \/>\n<meta property=\"og:site_name\" content=\"SATINSA\" \/>\n<meta property=\"article:modified_time\" content=\"2024-06-07T08:32:51+00:00\" \/>\n<meta name=\"twitter:card\" content=\"summary_large_image\" \/>\n<meta name=\"twitter:label1\" content=\"Est. reading time\" \/>\n\t<meta name=\"twitter:data1\" content=\"3 minutes\" \/>\n<script type=\"application\/ld+json\" class=\"yoast-schema-graph\">{\"@context\":\"https:\/\/schema.org\",\"@graph\":[{\"@type\":\"WebPage\",\"@id\":\"https:\/\/satinsa.com\/en\/legal-notice\/\",\"url\":\"https:\/\/satinsa.com\/en\/legal-notice\/\",\"name\":\"Legal notice - SATINSA\",\"isPartOf\":{\"@id\":\"https:\/\/satinsa.com\/en\/#website\"},\"datePublished\":\"2024-04-11T10:11:20+00:00\",\"dateModified\":\"2024-06-07T08:32:51+00:00\",\"breadcrumb\":{\"@id\":\"https:\/\/satinsa.com\/en\/legal-notice\/#breadcrumb\"},\"inLanguage\":\"en-US\",\"potentialAction\":[{\"@type\":\"ReadAction\",\"target\":[\"https:\/\/satinsa.com\/en\/legal-notice\/\"]}]},{\"@type\":\"BreadcrumbList\",\"@id\":\"https:\/\/satinsa.com\/en\/legal-notice\/#breadcrumb\",\"itemListElement\":[{\"@type\":\"ListItem\",\"position\":1,\"name\":\"Portada\",\"item\":\"https:\/\/satinsa.com\/en\/\"},{\"@type\":\"ListItem\",\"position\":2,\"name\":\"Legal notice\"}]},{\"@type\":\"WebSite\",\"@id\":\"https:\/\/satinsa.com\/en\/#website\",\"url\":\"https:\/\/satinsa.com\/en\/\",\"name\":\"SATINSA\",\"description\":\"Otro sitio realizado con WordPress\",\"potentialAction\":[{\"@type\":\"SearchAction\",\"target\":{\"@type\":\"EntryPoint\",\"urlTemplate\":\"https:\/\/satinsa.com\/en\/?s={search_term_string}\"},\"query-input\":\"required name=search_term_string\"}],\"inLanguage\":\"en-US\"}]}<\/script>\n<!-- \/ Yoast SEO plugin. -->","yoast_head_json":{"title":"Legal notice - SATINSA","robots":{"index":"index","follow":"follow","max-snippet":"max-snippet:-1","max-image-preview":"max-image-preview:large","max-video-preview":"max-video-preview:-1"},"canonical":"https:\/\/satinsa.com\/en\/legal-notice\/","og_locale":"en_US","og_type":"article","og_title":"Legal notice - SATINSA","og_description":"Legal notice En cumplimiento del art\u00edculo 10 de la Ley 34\/2002, de 11 de julio, de Servicios de la Sociedad de la Informaci\u00f3n y Comercio Electr\u00f3nico,&nbsp;SA DE TINTES SANZ, en adelante &#8220;SATINSA&#8221; le informa que se encuentra inscrita en el Registro Mercantil de Valencia, siendo sus datos identificativos los siguientes: DENOMINACI\u00d3N SOCIAL SA&nbsp;DE TINTES SANZN.I.F.:&nbsp;A46101291 [&hellip;]","og_url":"https:\/\/satinsa.com\/en\/legal-notice\/","og_site_name":"SATINSA","article_modified_time":"2024-06-07T08:32:51+00:00","twitter_card":"summary_large_image","twitter_misc":{"Est. reading time":"3 minutes"},"schema":{"@context":"https:\/\/schema.org","@graph":[{"@type":"WebPage","@id":"https:\/\/satinsa.com\/en\/legal-notice\/","url":"https:\/\/satinsa.com\/en\/legal-notice\/","name":"Legal notice - SATINSA","isPartOf":{"@id":"https:\/\/satinsa.com\/en\/#website"},"datePublished":"2024-04-11T10:11:20+00:00","dateModified":"2024-06-07T08:32:51+00:00","breadcrumb":{"@id":"https:\/\/satinsa.com\/en\/legal-notice\/#breadcrumb"},"inLanguage":"en-US","potentialAction":[{"@type":"ReadAction","target":["https:\/\/satinsa.com\/en\/legal-notice\/"]}]},{"@type":"BreadcrumbList","@id":"https:\/\/satinsa.com\/en\/legal-notice\/#breadcrumb","itemListElement":[{"@type":"ListItem","position":1,"name":"Portada","item":"https:\/\/satinsa.com\/en\/"},{"@type":"ListItem","position":2,"name":"Legal notice"}]},{"@type":"WebSite","@id":"https:\/\/satinsa.com\/en\/#website","url":"https:\/\/satinsa.com\/en\/","name":"SATINSA","description":"Otro sitio realizado con WordPress","potentialAction":[{"@type":"SearchAction","target":{"@type":"EntryPoint","urlTemplate":"https:\/\/satinsa.com\/en\/?s={search_term_string}"},"query-input":"required name=search_term_string"}],"inLanguage":"en-US"}]}},"_links":{"self":[{"href":"https:\/\/satinsa.com\/en\/wp-json\/wp\/v2\/pages\/557","targetHints":{"allow":["GET"]}}],"collection":[{"href":"https:\/\/satinsa.com\/en\/wp-json\/wp\/v2\/pages"}],"about":[{"href":"https:\/\/satinsa.com\/en\/wp-json\/wp\/v2\/types\/page"}],"author":[{"embeddable":true,"href":"https:\/\/satinsa.com\/en\/wp-json\/wp\/v2\/users\/1"}],"replies":[{"embeddable":true,"href":"https:\/\/satinsa.com\/en\/wp-json\/wp\/v2\/comments?post=557"}],"version-history":[{"count":4,"href":"https:\/\/satinsa.com\/en\/wp-json\/wp\/v2\/pages\/557\/revisions"}],"predecessor-version":[{"id":973,"href":"https:\/\/satinsa.com\/en\/wp-json\/wp\/v2\/pages\/557\/revisions\/973"}],"wp:attachment":[{"href":"https:\/\/satinsa.com\/en\/wp-json\/wp\/v2\/media?parent=557"}],"curies":[{"name":"wp","href":"https:\/\/api.w.org\/{rel}","templated":true}]}}