{"id":551,"date":"2024-04-11T12:11:06","date_gmt":"2024-04-11T10:11:06","guid":{"rendered":"https:\/\/satinsa.com\/cookies-policy\/"},"modified":"2024-06-07T10:37:25","modified_gmt":"2024-06-07T08:37:25","slug":"cookies-policy","status":"publish","type":"page","link":"https:\/\/satinsa.com\/en\/cookies-policy\/","title":{"rendered":"Cookies policy"},"content":{"rendered":"\t\t<div data-elementor-type=\"wp-page\" data-elementor-id=\"551\" class=\"elementor elementor-551 elementor-424\" data-elementor-post-type=\"page\">\n\t\t\t\t\t\t<section class=\"elementor-section elementor-top-section elementor-element elementor-element-fe8ad00 elementor-section-full_width elementor-section-height-min-height elementor-section-height-default elementor-section-items-middle\" data-id=\"fe8ad00\" data-element_type=\"section\" data-settings=\"{&quot;background_background&quot;:&quot;classic&quot;}\">\n\t\t\t\t\t\t<div class=\"elementor-container elementor-column-gap-default\">\n\t\t\t\t\t<div class=\"elementor-column elementor-col-100 elementor-top-column elementor-element elementor-element-4436dd1 letter-animation\" data-id=\"4436dd1\" data-element_type=\"column\">\n\t\t\t<div class=\"elementor-widget-wrap elementor-element-populated\">\n\t\t\t\t\t\t<div class=\"elementor-element elementor-element-95aa6ec elementor-widget__width-auto split-text elementor-widget elementor-widget-heading\" data-id=\"95aa6ec\" data-element_type=\"widget\" data-widget_type=\"heading.default\">\n\t\t\t\t<div class=\"elementor-widget-container\">\n\t\t\t<h2 class=\"elementor-heading-title elementor-size-default\">Cookie Policy<\/h2>\t\t<\/div>\n\t\t\t\t<\/div>\n\t\t\t\t\t<\/div>\n\t\t<\/div>\n\t\t\t\t\t<\/div>\n\t\t<\/section>\n\t\t\t\t<section class=\"elementor-section elementor-top-section elementor-element elementor-element-f5cd997 elementor-section-boxed elementor-section-height-default elementor-section-height-default\" data-id=\"f5cd997\" data-element_type=\"section\">\n\t\t\t\t\t\t<div class=\"elementor-container elementor-column-gap-default\">\n\t\t\t\t\t<div class=\"elementor-column elementor-col-100 elementor-top-column elementor-element elementor-element-fc43e1c\" data-id=\"fc43e1c\" data-element_type=\"column\">\n\t\t\t<div class=\"elementor-widget-wrap elementor-element-populated\">\n\t\t\t\t\t\t<div class=\"elementor-element elementor-element-d0f915b elementor-widget elementor-widget-text-editor\" data-id=\"d0f915b\" data-element_type=\"widget\" data-widget_type=\"text-editor.default\">\n\t\t\t\t<div class=\"elementor-widget-container\">\n\t\t\t\t\t\t\t<p>En&nbsp;SA DE TINTES SANZ<font face=\"var( --e-global-typography-2290258-font-family ), Sans-serif\"><span style=\"font-weight: var( --e-global-typography-2290258-font-weight ); letter-spacing: var( --e-global-typography-2290258-letter-spacing ); word-spacing: var( --e-global-typography-2290258-word-spacing );\">, en adelante \u201c<\/span><\/font>SATINSA<font face=\"var( --e-global-typography-2290258-font-family ), Sans-serif\"><span style=\"font-weight: var( --e-global-typography-2290258-font-weight ); letter-spacing: var( --e-global-typography-2290258-letter-spacing ); word-spacing: var( --e-global-typography-2290258-word-spacing );\">\u201d utilizamos las cookies u otros archivos de funcionalidad similar (en adelante, \u201ccookies\u201d) para prestarle un mejor servicio y proporcionarle una mejor experiencia de navegaci\u00f3n. <\/span><\/font>SATINSA<font face=\"var( --e-global-typography-2290258-font-family ), Sans-serif\"><span style=\"font-weight: var( --e-global-typography-2290258-font-weight ); letter-spacing: var( --e-global-typography-2290258-letter-spacing ); word-spacing: var( --e-global-typography-2290258-word-spacing );\">&nbsp;es responsable de las cookies y del tratamiento de los datos obtenidos a trav\u00e9s de estas, ya sean propias o de terceros, decidiendo sobre la finalidad, contenido y uso del tratamiento de la informaci\u00f3n recabada.&nbsp;<\/span><\/font><\/p>\n<p>El objetivo de esta pol\u00edtica es informarle de manera clara y detallada de qu\u00e9 es una cookie, cu\u00e1l es su finalidad, qu\u00e9 tipo de cookies utilizamos y c\u00f3mo configurarlas o en su caso deshabilitarlas.<\/p><p><br><\/p>\n<p><\/p>\n<h3>\u00bfQu\u00e9 son las cookies?<\/h3>\n<p>Una cookie es un peque\u00f1o archivo de texto que se almacena en su navegador cuando visita nuestra p\u00e1gina web y que guarda informaci\u00f3n sobre la navegaci\u00f3n que realiza para hacer m\u00e1s eficiente la experiencia de usuario. Algunas cookies resultan esenciales para el buen funcionamiento de las p\u00e1ginas web, como es el caso de las cookies t\u00e9cnicas o de personalizaci\u00f3n de la interfaz de usuario, aunque otras, como las cookies de an\u00e1lisis o las de publicidad comportamental, requieren que le informemos y recabar el consentimiento sobre su uso.<\/p>\n<p><\/p>\n<p>A continuaci\u00f3n, y con el objetivo de que pueda prestar un consentimiento plenamente informado, le detallamos la informaci\u00f3n de en qu\u00e9 consiste y cu\u00e1l es la finalidad de cada tipo de cookie.<\/p>\n<p><\/p>\n<p>Las <b>cookies t\u00e9cnicas<\/b> son aquellas que permiten al usuario la navegaci\u00f3n a trav\u00e9s de una p\u00e1gina web, plataforma o aplicaci\u00f3n y la utilizaci\u00f3n de las diferentes opciones o servicios que en ella existan, incluyendo la gesti\u00f3n y operativa de la p\u00e1gina web y habilitar sus funciones y servicios, como, por ejemplo, identificar la sesi\u00f3n, acceder a partes de acceso restringido, recordar los elementos que integran un pedido, realizar el proceso de compra de un pedido, gestionar el pago, \u2026 La p\u00e1gina web no puede funcionar adecuadamente sin estas cookies por lo que se consideran necesarias.<\/p>\n<p>Las <b>cookies de preferencias o personalizaci\u00f3n<\/b> permiten a la p\u00e1gina web recordar informaci\u00f3n que cambia la forma en que la p\u00e1gina se comporta o el aspecto que tiene de modo que el usuario acceda al servicio con determinadas caracter\u00edsticas que pueden diferenciar su experiencia de la de otros usuarios, como, por ejemplo, el idioma, el n\u00famero de resultados a mostrar cuando el usuario realiza una b\u00fasqueda o la regi\u00f3n en la que el usuario se encuentra. Si es el propio usuario quien elige esas caracter\u00edsticas, por ejemplo, marcando la bandera del idioma, se considera un servicio expresamente solicitado siempre y cuando las cookies obedezcan exclusivamente a la finalidad seleccionada de personalizaci\u00f3n.<\/p>\n<p>Las <b>cookies de an\u00e1lisis o medici\u00f3n<\/b> son aquellas que permiten comprender c\u00f3mo interact\u00faan los visitantes con las p\u00e1ginas web y as\u00ed realizar el an\u00e1lisis estad\u00edstico del uso que hacen los usuarios de la web de los servicios prestados. La informaci\u00f3n recogida se utiliza en la medici\u00f3n de la actividad de los sitios web o aplicaci\u00f3n con el fin de introducir mejoras en los productos y servicios ofrecidos por el responsable.<\/p>\n<p>Las <b>cookies de marketing o publicidad<\/b> comportamental almacenan informaci\u00f3n del comportamiento de los usuarios obtenida a trav\u00e9s de la observaci\u00f3n continuada de sus h\u00e1bitos de navegaci\u00f3n, lo que permite desarrollar un perfil espec\u00edfico para mostrar anuncios relevantes y atractivos para el usuario individual, y por lo tanto, m\u00e1s valiosos para los terceros anunciantes.<\/p><p><br><\/p>\n<p><\/p>\n<h3>\u00bfPara qu\u00e9 utiliza las cookies esta p\u00e1gina web y cu\u00e1les son?<\/h3>\n<p>El detalle de las cookies utilizadas en esta p\u00e1gina web es el siguiente:<\/p>\n<p><br><\/p>\n<p><u>TABLA DE COOKIES<\/u><\/p>\n<p><u><br><\/u><\/p>\n<p>Para las cookies de an\u00e1lisis y de publicidad necesitamos su consentimiento que podremos obtener si pulsa en el bot\u00f3n \u201cAcepto\u201d en el mensaje de informaci\u00f3n que se muestra al acceder a nuestra p\u00e1gina web.<\/p>\n<p>Si desactiva las cookies, podr\u00e1 seguir accediendo a la web pero puede que la navegaci\u00f3n por esta no sea \u00f3ptima y alguno de los servicios ofrecidos no funcionen correctamente.<\/p>\n<p>Si en un futuro SATINSA&nbsp;llegara a utilizar tipos de cookies diferentes a las contempladas en esta Pol\u00edtica de Cookies para prestar nuevos servicios o fuera necesario adaptarla a nuevas exigencias legislativas, se lo notificaremos.<\/p><p><br><\/p>\n<p><\/p>\n<h3>\u00bfC\u00f3mo puedo desactivar o eliminar las cookies?<\/h3>\n<p>Tenga en cuenta que, si acepta las cookies de terceros, deber\u00e1 eliminarlas desde las opciones del navegador o desde el sistema ofrecido por el propio tercero. Puede usted permitir, bloquear o eliminar las cookies instaladas en su equipo mediante la configuraci\u00f3n de las opciones del navegador instalado en su ordenador.<\/p>\n<p>&#8211; Microsoft Internet Explorer: men\u00fa Herramientas &gt; Opciones de Internet &gt; Privacidad &gt; Configuraci\u00f3n.<br>&#8211; Firefox: men\u00fa Herramientas &gt; Opciones &gt; Privacidad &gt; Cookies.<br>&#8211; Chrome: men\u00fa Opciones &gt; Opciones avanzadas &gt; Privacidad.<br>&#8211; Safari: men\u00fa Preferencias\/Privacidad.<br>&#8211; Safari para IOS (iPhone y iPad): Opci\u00f3n Ajustes &gt; Safari<br>&#8211; Chrome para Android: Configuraci\u00f3n &gt; Configuraci\u00f3n de sitios web &gt; Cookies<br>&#8211; Otros navegadores: consulte la documentaci\u00f3n del navegador que tenga instalado.<\/p><p><br><\/p>\n<p><\/p>\n<h3>Transferencias de datos a terceros pa\u00edses.<\/h3>\n<p>Puedes informarte de las transferencias a terceros pa\u00edses que, en su caso, realizan los terceros identificados en esta pol\u00edtica de cookies en sus correspondientes pol\u00edticas (ver los enlaces facilitados en el apartado \u201cCookies de terceros\u201d).<\/p><p><br><\/p>\n<p><\/p>\n<h3>Elaboraci\u00f3n de perfiles.<\/h3>\n<p>No se elaborar\u00e1 ning\u00fan tipo de \u201cperfil\u201d en base a la informaci\u00f3n facilitada ni se tomar\u00e1n decisiones automatizadas en base a perfiles.<\/p><p><br><\/p>\n<p><\/p>\n<h3>Periodo de conservaci\u00f3n de los datos.<\/h3>\n<p>Los datos obtenidos a trav\u00e9s de las cookies se conservar\u00e1n por un periodo m\u00e1ximo de 24 meses, tras dicho periodo volveremos a recabar su consentimiento.<\/p><p><br><\/p>\n<p><\/p>\n<h3>Derechos de los interesados.<\/h3>\n<p>Usted podr\u00e1 obtener m\u00e1s informaci\u00f3n sobre el tratamiento de datos de car\u00e1cter personal y de c\u00f3mo ejercer sus derechos consultado nuestra pol\u00edtica de privacidad.<\/p>\t\t\t\t\t\t<\/div>\n\t\t\t\t<\/div>\n\t\t\t\t\t<\/div>\n\t\t<\/div>\n\t\t\t\t\t<\/div>\n\t\t<\/section>\n\t\t\t\t<\/div>\n\t\t","protected":false},"excerpt":{"rendered":"<p>Cookie Policy En&nbsp;SA DE TINTES SANZ, en adelante \u201cSATINSA\u201d utilizamos las cookies u otros archivos de funcionalidad similar (en adelante, \u201ccookies\u201d) para prestarle un mejor servicio y proporcionarle una mejor experiencia de navegaci\u00f3n. SATINSA&nbsp;es responsable de las cookies y del tratamiento de los datos obtenidos a trav\u00e9s de estas, ya sean propias o de terceros, [&hellip;]<\/p>\n","protected":false},"author":1,"featured_media":0,"parent":0,"menu_order":0,"comment_status":"closed","ping_status":"closed","template":"page-elementor.php","meta":{"_acf_changed":false,"footnotes":""},"class_list":["post-551","page","type-page","status-publish","hentry"],"acf":[],"yoast_head":"<!-- This site is optimized with the Yoast SEO plugin v22.4 - https:\/\/yoast.com\/wordpress\/plugins\/seo\/ -->\n<title>Cookies policy - SATINSA<\/title>\n<meta name=\"robots\" content=\"index, follow, max-snippet:-1, max-image-preview:large, max-video-preview:-1\" \/>\n<link rel=\"canonical\" href=\"https:\/\/satinsa.com\/en\/cookies-policy\/\" \/>\n<meta property=\"og:locale\" content=\"en_US\" \/>\n<meta property=\"og:type\" content=\"article\" \/>\n<meta property=\"og:title\" content=\"Cookies policy - SATINSA\" \/>\n<meta property=\"og:description\" content=\"Cookie Policy En&nbsp;SA DE TINTES SANZ, en adelante \u201cSATINSA\u201d utilizamos las cookies u otros archivos de funcionalidad similar (en adelante, \u201ccookies\u201d) para prestarle un mejor servicio y proporcionarle una mejor experiencia de navegaci\u00f3n. SATINSA&nbsp;es responsable de las cookies y del tratamiento de los datos obtenidos a trav\u00e9s de estas, ya sean propias o de terceros, [&hellip;]\" \/>\n<meta property=\"og:url\" content=\"https:\/\/satinsa.com\/en\/cookies-policy\/\" \/>\n<meta property=\"og:site_name\" content=\"SATINSA\" \/>\n<meta property=\"article:modified_time\" content=\"2024-06-07T08:37:25+00:00\" \/>\n<meta name=\"twitter:card\" content=\"summary_large_image\" \/>\n<meta name=\"twitter:label1\" content=\"Est. reading time\" \/>\n\t<meta name=\"twitter:data1\" content=\"5 minutes\" \/>\n<script type=\"application\/ld+json\" class=\"yoast-schema-graph\">{\"@context\":\"https:\/\/schema.org\",\"@graph\":[{\"@type\":\"WebPage\",\"@id\":\"https:\/\/satinsa.com\/en\/cookies-policy\/\",\"url\":\"https:\/\/satinsa.com\/en\/cookies-policy\/\",\"name\":\"Cookies policy - SATINSA\",\"isPartOf\":{\"@id\":\"https:\/\/satinsa.com\/en\/#website\"},\"datePublished\":\"2024-04-11T10:11:06+00:00\",\"dateModified\":\"2024-06-07T08:37:25+00:00\",\"breadcrumb\":{\"@id\":\"https:\/\/satinsa.com\/en\/cookies-policy\/#breadcrumb\"},\"inLanguage\":\"en-US\",\"potentialAction\":[{\"@type\":\"ReadAction\",\"target\":[\"https:\/\/satinsa.com\/en\/cookies-policy\/\"]}]},{\"@type\":\"BreadcrumbList\",\"@id\":\"https:\/\/satinsa.com\/en\/cookies-policy\/#breadcrumb\",\"itemListElement\":[{\"@type\":\"ListItem\",\"position\":1,\"name\":\"Portada\",\"item\":\"https:\/\/satinsa.com\/en\/\"},{\"@type\":\"ListItem\",\"position\":2,\"name\":\"Cookies policy\"}]},{\"@type\":\"WebSite\",\"@id\":\"https:\/\/satinsa.com\/en\/#website\",\"url\":\"https:\/\/satinsa.com\/en\/\",\"name\":\"SATINSA\",\"description\":\"Otro sitio realizado con WordPress\",\"potentialAction\":[{\"@type\":\"SearchAction\",\"target\":{\"@type\":\"EntryPoint\",\"urlTemplate\":\"https:\/\/satinsa.com\/en\/?s={search_term_string}\"},\"query-input\":\"required name=search_term_string\"}],\"inLanguage\":\"en-US\"}]}<\/script>\n<!-- \/ Yoast SEO plugin. -->","yoast_head_json":{"title":"Cookies policy - SATINSA","robots":{"index":"index","follow":"follow","max-snippet":"max-snippet:-1","max-image-preview":"max-image-preview:large","max-video-preview":"max-video-preview:-1"},"canonical":"https:\/\/satinsa.com\/en\/cookies-policy\/","og_locale":"en_US","og_type":"article","og_title":"Cookies policy - SATINSA","og_description":"Cookie Policy En&nbsp;SA DE TINTES SANZ, en adelante \u201cSATINSA\u201d utilizamos las cookies u otros archivos de funcionalidad similar (en adelante, \u201ccookies\u201d) para prestarle un mejor servicio y proporcionarle una mejor experiencia de navegaci\u00f3n. SATINSA&nbsp;es responsable de las cookies y del tratamiento de los datos obtenidos a trav\u00e9s de estas, ya sean propias o de terceros, [&hellip;]","og_url":"https:\/\/satinsa.com\/en\/cookies-policy\/","og_site_name":"SATINSA","article_modified_time":"2024-06-07T08:37:25+00:00","twitter_card":"summary_large_image","twitter_misc":{"Est. reading time":"5 minutes"},"schema":{"@context":"https:\/\/schema.org","@graph":[{"@type":"WebPage","@id":"https:\/\/satinsa.com\/en\/cookies-policy\/","url":"https:\/\/satinsa.com\/en\/cookies-policy\/","name":"Cookies policy - SATINSA","isPartOf":{"@id":"https:\/\/satinsa.com\/en\/#website"},"datePublished":"2024-04-11T10:11:06+00:00","dateModified":"2024-06-07T08:37:25+00:00","breadcrumb":{"@id":"https:\/\/satinsa.com\/en\/cookies-policy\/#breadcrumb"},"inLanguage":"en-US","potentialAction":[{"@type":"ReadAction","target":["https:\/\/satinsa.com\/en\/cookies-policy\/"]}]},{"@type":"BreadcrumbList","@id":"https:\/\/satinsa.com\/en\/cookies-policy\/#breadcrumb","itemListElement":[{"@type":"ListItem","position":1,"name":"Portada","item":"https:\/\/satinsa.com\/en\/"},{"@type":"ListItem","position":2,"name":"Cookies policy"}]},{"@type":"WebSite","@id":"https:\/\/satinsa.com\/en\/#website","url":"https:\/\/satinsa.com\/en\/","name":"SATINSA","description":"Otro sitio realizado con WordPress","potentialAction":[{"@type":"SearchAction","target":{"@type":"EntryPoint","urlTemplate":"https:\/\/satinsa.com\/en\/?s={search_term_string}"},"query-input":"required name=search_term_string"}],"inLanguage":"en-US"}]}},"_links":{"self":[{"href":"https:\/\/satinsa.com\/en\/wp-json\/wp\/v2\/pages\/551","targetHints":{"allow":["GET"]}}],"collection":[{"href":"https:\/\/satinsa.com\/en\/wp-json\/wp\/v2\/pages"}],"about":[{"href":"https:\/\/satinsa.com\/en\/wp-json\/wp\/v2\/types\/page"}],"author":[{"embeddable":true,"href":"https:\/\/satinsa.com\/en\/wp-json\/wp\/v2\/users\/1"}],"replies":[{"embeddable":true,"href":"https:\/\/satinsa.com\/en\/wp-json\/wp\/v2\/comments?post=551"}],"version-history":[{"count":4,"href":"https:\/\/satinsa.com\/en\/wp-json\/wp\/v2\/pages\/551\/revisions"}],"predecessor-version":[{"id":979,"href":"https:\/\/satinsa.com\/en\/wp-json\/wp\/v2\/pages\/551\/revisions\/979"}],"wp:attachment":[{"href":"https:\/\/satinsa.com\/en\/wp-json\/wp\/v2\/media?parent=551"}],"curies":[{"name":"wp","href":"https:\/\/api.w.org\/{rel}","templated":true}]}}