{"id":549,"date":"2024-04-11T11:52:00","date_gmt":"2024-04-11T09:52:00","guid":{"rendered":"https:\/\/satinsa.com\/privacy-policy\/"},"modified":"2024-06-07T10:39:31","modified_gmt":"2024-06-07T08:39:31","slug":"privacy-policy","status":"publish","type":"page","link":"https:\/\/satinsa.com\/en\/privacy-policy\/","title":{"rendered":"Privacy Policy"},"content":{"rendered":"\t\t<div data-elementor-type=\"wp-page\" data-elementor-id=\"549\" class=\"elementor elementor-549 elementor-406\" data-elementor-post-type=\"page\">\n\t\t\t\t\t\t<section class=\"elementor-section elementor-top-section elementor-element elementor-element-c6d2cbd elementor-section-full_width elementor-section-height-min-height elementor-section-height-default elementor-section-items-middle\" data-id=\"c6d2cbd\" data-element_type=\"section\" data-settings=\"{&quot;background_background&quot;:&quot;classic&quot;}\">\n\t\t\t\t\t\t<div class=\"elementor-container elementor-column-gap-default\">\n\t\t\t\t\t<div class=\"elementor-column elementor-col-100 elementor-top-column elementor-element elementor-element-22b0ce2 letter-animation\" data-id=\"22b0ce2\" data-element_type=\"column\">\n\t\t\t<div class=\"elementor-widget-wrap elementor-element-populated\">\n\t\t\t\t\t\t<div class=\"elementor-element elementor-element-2de803d elementor-widget__width-auto split-text elementor-widget elementor-widget-heading\" data-id=\"2de803d\" data-element_type=\"widget\" data-widget_type=\"heading.default\">\n\t\t\t\t<div class=\"elementor-widget-container\">\n\t\t\t<h2 class=\"elementor-heading-title elementor-size-default\">Privacy Policy<\/h2>\t\t<\/div>\n\t\t\t\t<\/div>\n\t\t\t\t\t<\/div>\n\t\t<\/div>\n\t\t\t\t\t<\/div>\n\t\t<\/section>\n\t\t\t\t<section class=\"elementor-section elementor-top-section elementor-element elementor-element-aac6377 elementor-section-boxed elementor-section-height-default elementor-section-height-default\" data-id=\"aac6377\" data-element_type=\"section\">\n\t\t\t\t\t\t<div class=\"elementor-container elementor-column-gap-default\">\n\t\t\t\t\t<div class=\"elementor-column elementor-col-100 elementor-top-column elementor-element elementor-element-6c2e9db\" data-id=\"6c2e9db\" data-element_type=\"column\">\n\t\t\t<div class=\"elementor-widget-wrap elementor-element-populated\">\n\t\t\t\t\t\t<div class=\"elementor-element elementor-element-b0b78bb elementor-widget elementor-widget-text-editor\" data-id=\"b0b78bb\" data-element_type=\"widget\" data-widget_type=\"text-editor.default\">\n\t\t\t\t<div class=\"elementor-widget-container\">\n\t\t\t\t\t\t\t<h3>IDENTIDAD, FINALIDAD Y EJERCICIO DE DERECHOS<\/h3>\n<p>En cumplimiento de lo establecido en el art\u00edculo 10 de la Ley 34\/2002, de 11 de julio, de Servicios de la Sociedad de la Informaci\u00f3n y de Comercio Electr\u00f3nico (LSSI-CE), se informa que este sitio web es propiedad de&nbsp;SA&nbsp;<span style=\"font-family: var( --e-global-typography-2290258-font-family ), Sans-serif; font-size: var( --e-global-typography-2290258-font-size ); letter-spacing: var( --e-global-typography-2290258-letter-spacing ); word-spacing: var( --e-global-typography-2290258-word-spacing );\">DE TINTES SANZ<span style=\"font-weight: 700;\">,&nbsp;<\/span><\/span><span style=\"font-family: var( --e-global-typography-2290258-font-family ), Sans-serif; font-size: var( --e-global-typography-2290258-font-size ); font-weight: var( --e-global-typography-2290258-font-weight ); letter-spacing: var( --e-global-typography-2290258-letter-spacing ); word-spacing: var( --e-global-typography-2290258-word-spacing );\">en adelante &#8220;<\/span><span style=\"font-family: var( --e-global-typography-2290258-font-family ), Sans-serif; font-size: var( --e-global-typography-2290258-font-size ); font-weight: var( --e-global-typography-2290258-font-weight ); letter-spacing: var( --e-global-typography-2290258-letter-spacing ); word-spacing: var( --e-global-typography-2290258-word-spacing );\">SATINSA<\/span><span style=\"font-family: var( --e-global-typography-2290258-font-family ), Sans-serif; font-size: var( --e-global-typography-2290258-font-size ); font-weight: var( --e-global-typography-2290258-font-weight ); letter-spacing: var( --e-global-typography-2290258-letter-spacing ); word-spacing: var( --e-global-typography-2290258-word-spacing );\">&#8220;,&nbsp;<\/span><span style=\"font-family: var( --e-global-typography-2290258-font-family ), Sans-serif; font-size: var( --e-global-typography-2290258-font-size ); font-weight: var( --e-global-typography-2290258-font-weight ); letter-spacing: var( --e-global-typography-2290258-letter-spacing ); word-spacing: var( --e-global-typography-2290258-word-spacing );\">con CIF A46101291, con direcci\u00f3n profesional en PI. IP &#8211; 4B &#8211; Paseo de la Habana, 12, 46890 Agullent (Valencia).<\/span><\/p>\n<p>El sitio web oficial de www.satinsa.com tiene como finalidad gestionar la&nbsp; relaci\u00f3n con sus clientes.<\/p>\n<p>El uso y la utilizaci\u00f3n de este sitio web por parte de los usuarios que accedan al mismo, ya sean clientes, proveedores o potenciales clientes implica que se aceptan totalmente y de forma expresa todas las condiciones que se exponen en este documento. En caso de existir alguna particularidad concreta se explicar\u00eda en su apartado correspondiente.<\/p>\n<p>Satinsa puede realizar las modificaciones o cambios oportunos en este sitio sin necesidad de previo aviso. Ello ata\u00f1e a las posibles actualizaciones del sitio tanto en contenido como en dise\u00f1o e implica que tambi\u00e9n se podr\u00e1n realizar actuaciones de mantenimiento de la informaci\u00f3n contenida con la finalidad de mantenerla debidamente actualizada.<\/p>\n<p><span style=\"font-family: var( --e-global-typography-2290258-font-family ), Sans-serif; font-size: var( --e-global-typography-2290258-font-size ); font-weight: var( --e-global-typography-2290258-font-weight ); letter-spacing: var( --e-global-typography-2290258-letter-spacing ); word-spacing: var( --e-global-typography-2290258-word-spacing );\">Satinsa<\/span><span style=\"font-family: var( --e-global-typography-2290258-font-family ), Sans-serif; font-size: var( --e-global-typography-2290258-font-size ); font-weight: var( --e-global-typography-2290258-font-weight ); letter-spacing: var( --e-global-typography-2290258-letter-spacing ); word-spacing: var( --e-global-typography-2290258-word-spacing );\">&nbsp;<\/span>&nbsp;garantiza el cumplimiento de la normativa vigente en materia de protecci\u00f3n de datos personales, y por ello informa que la actividad de este sitio web se rige por el Reglamento General de Protecci\u00f3n de Datos (RGPD), Reglamento (UE) 2016\/679 del Parlamento y del Consejo, de 27 de abril de 2016, relativo a la protecci\u00f3n de las personas f\u00edsicas en lo que respecta al tratamiento de datos personales y a la libre circulaci\u00f3n de estos datos (publicado el 4 de mayo de 2016), y la normativa nacional que sea de aplicaci\u00f3n, principalmente la Ley Org\u00e1nica 3\/2018, de 5 de diciembre, de Protecci\u00f3n de Datos Personales y garant\u00eda de los derechos digitales (BOE de 6 de diciembre de 2018).<\/p>\n<p>El Reglamento General de Protecci\u00f3n de datos (RGPD) 2016\/679 de la UE, complementado por la Ley Org\u00e1nica 3\/2018, ofrece a los usuarios la posibilidad de ejercer una serie de derechos relacionados con el tratamiento de sus datos personales.<\/p>\n<p>En relaci\u00f3n a los datos del usuario que son tratados por parte de Satinsa&nbsp;, se podr\u00e1n ejercer de forma gratuita los derechos de acceso, rectificaci\u00f3n, limitaci\u00f3n del tratamiento, oposici\u00f3n, portabilidad de los datos y derecho de supresi\u00f3n, siempre de acuerdo con lo previsto en la normativa legal vigente relacionada anteriormente en materia de protecci\u00f3n de datos personales.<\/p>\n<p>Para hacer uso del ejercicio de estos derechos, el usuario deber\u00e1 dirigirse mediante escrito y aportando documentaci\u00f3n para acreditar la identidad (DNI o pasaporte), a la siguiente direcci\u00f3n email: info@satinsa.com.<\/p>\n<p>Este escrito debe contener nombre y apellidos del interesado o usuario, la petici\u00f3n de solicitud, el domicilio y las acreditaciones de identidad correspondientes.<br>El ejercicio de derechos deber\u00e1 ser realizado por el propio usuario, aunque tambi\u00e9n podr\u00e1n ser ejercidos por una persona autorizada como representante legal del autorizado. En tal caso, se deber\u00e1 aportar la documentaci\u00f3n que acredite esta representaci\u00f3n del interesado. Adem\u00e1s podr\u00e1 interponer reclamaci\u00f3n ante la Agencia de Protecci\u00f3n de Datos en www.aepd.es<\/p>\n<p><br><\/p>\n<h3>TRATAMIENTO DE DATOS, CONSERVACI\u00d3N Y MEDIDAS DE SEGURIDAD<\/h3>\n<p>El tratamiento de los datos se basa en la ejecuci\u00f3n de un contrato de prestaci\u00f3n de servicios o se realizar\u00e1 tras una consulta o solicitud de servicios iniciada desde el sitio web.<\/p>\n<p>Por regla general, el sitio web no recoger\u00e1 datos personales, el usuario tiene la posibilidad de ponerse en contacto con&nbsp;<span style=\"font-family: var( --e-global-typography-2290258-font-family ), Sans-serif; font-size: var( --e-global-typography-2290258-font-size ); font-weight: var( --e-global-typography-2290258-font-weight ); letter-spacing: var( --e-global-typography-2290258-letter-spacing ); word-spacing: var( --e-global-typography-2290258-word-spacing );\">Satinsa<\/span><span style=\"font-family: var( --e-global-typography-2290258-font-family ), Sans-serif; font-size: var( --e-global-typography-2290258-font-size ); font-weight: var( --e-global-typography-2290258-font-weight ); letter-spacing: var( --e-global-typography-2290258-letter-spacing ); word-spacing: var( --e-global-typography-2290258-word-spacing );\">&nbsp;<\/span>&nbsp;&nbsp;mediante el uso del email o el formulario de contacto, momento a partir del cual cabe la posibilidad que se recaben datos de car\u00e1cter personal imprescindibles para la gesti\u00f3n de la relaci\u00f3n con los clientes y proveedores (entre ellos, nombre, apellidos, email, tel\u00e9fono, DNI, domicilio,etc.).<br>El usuario del sitio conoce y acepta que si no se cumplimentan ciertos datos de car\u00e1cter personal no se podr\u00e1n prestar de forma plena todos aquellos servicios vinculados a tales datos. En ning\u00fan caso&nbsp;<span style=\"font-family: var( --e-global-typography-2290258-font-family ), Sans-serif; font-size: var( --e-global-typography-2290258-font-size ); font-weight: var( --e-global-typography-2290258-font-weight ); letter-spacing: var( --e-global-typography-2290258-letter-spacing ); word-spacing: var( --e-global-typography-2290258-word-spacing );\">Satinsa<\/span><span style=\"font-family: var( --e-global-typography-2290258-font-family ), Sans-serif; font-size: var( --e-global-typography-2290258-font-size ); font-weight: var( --e-global-typography-2290258-font-weight ); letter-spacing: var( --e-global-typography-2290258-letter-spacing ); word-spacing: var( --e-global-typography-2290258-word-spacing );\">&nbsp;<\/span>ceder\u00e1, explotar\u00e1 estos datos o los destinar\u00e1 a un uso distinto del que se ha indicado expresamente.&nbsp;&nbsp;<\/p>\n<p>Los datos se conservar\u00e1n mientras dure la relaci\u00f3n comercial o contractual y se guardar\u00e1n en todo caso, el tiempo necesario para dar cumplimiento a los plazos establecidos en la normativa correspondiente para atender nuestras obligaciones legales con las administraciones correspondientes.<\/p>\n<p>Adem\u00e1s de lo anterior,&nbsp;<span style=\"font-family: var( --e-global-typography-2290258-font-family ), Sans-serif; font-size: var( --e-global-typography-2290258-font-size ); font-weight: var( --e-global-typography-2290258-font-weight ); letter-spacing: var( --e-global-typography-2290258-letter-spacing ); word-spacing: var( --e-global-typography-2290258-word-spacing );\">Satinsa<\/span>&nbsp;podr\u00e1 realizar cesiones o comunicaciones de datos personales para atender sus obligaciones con las Administraciones P\u00fablicas, peritos, notarias, gestor\u00edas, procuradores y 3os necesarios para la prestaci\u00f3n de los servicios de abogac\u00eda, en los casos que as\u00ed se requiera de acuerdo con la legislaci\u00f3n vigente en cada momento y en su caso, igualmente a otros \u00f3rganos como Fuerzas y Cuerpos de Seguridad del Estado y a los \u00f3rganos Judiciales. No se prev\u00e9 la transferencia internacional de datos.<\/p>\n<p>El sitio va dirigido a personas mayores de edad y se entender\u00e1 que al aceptar la pol\u00edtica de privacidad el usuario es mayor de 18 a\u00f1os.<\/p>\n<p><span style=\"font-family: var( --e-global-typography-2290258-font-family ), Sans-serif; font-size: var( --e-global-typography-2290258-font-size ); font-weight: var( --e-global-typography-2290258-font-weight ); letter-spacing: var( --e-global-typography-2290258-letter-spacing ); word-spacing: var( --e-global-typography-2290258-word-spacing );\">Satinsa<\/span><span style=\"font-family: var( --e-global-typography-2290258-font-family ), Sans-serif; font-size: var( --e-global-typography-2290258-font-size ); font-weight: var( --e-global-typography-2290258-font-weight ); letter-spacing: var( --e-global-typography-2290258-letter-spacing ); word-spacing: var( --e-global-typography-2290258-word-spacing );\">&nbsp;<\/span>se compromete al cumplimiento de su obligaci\u00f3n de secreto de los datos de car\u00e1cter personal y de su deber de guardarlos, y adoptar\u00e1 las medidas necesarias para evitar su alteraci\u00f3n, p\u00e9rdida, tratamiento o acceso no autorizado, de acuerdo con lo establecido por normativa aplicable.<\/p>\n<p><span style=\"font-family: var( --e-global-typography-2290258-font-family ), Sans-serif; font-size: var( --e-global-typography-2290258-font-size ); font-weight: var( --e-global-typography-2290258-font-weight ); letter-spacing: var( --e-global-typography-2290258-letter-spacing ); word-spacing: var( --e-global-typography-2290258-word-spacing );\">Satinsa&nbsp;<\/span>tiene implantadas las medidas de seguridad de \u00edndole t\u00e9cnica y organizativas necesarias para garantizar la seguridad de sus datos de car\u00e1cter personal y evitar su alteraci\u00f3n, p\u00e9rdida y tratamiento y\/o acceso no autorizado, habida cuenta del estado de la tecnolog\u00eda, la naturaleza de los datos almacenados y los riesgos a que est\u00e1n expuestos, ya provengan de la acci\u00f3n humana o del medio f\u00edsico o natural, de acuerdo a lo establecido por la normativa aplicable.<\/p>\n<p><br><\/p>\n<h3>ASPECTOS T\u00c9CNICOS<\/h3>\n<p>En el caso de que el sitio web utilice cookies siempre ser\u00e1 con la finalidad de intentar mejorar la experiencia de usuario as\u00ed como la navegaci\u00f3n.<\/p>\n<p>En el caso de que se tenga que incluir o citar alg\u00fan hiperv\u00ednculo externo la&nbsp;<span style=\"font-family: var( --e-global-typography-2290258-font-family ), Sans-serif; font-size: var( --e-global-typography-2290258-font-size ); font-weight: var( --e-global-typography-2290258-font-weight ); letter-spacing: var( --e-global-typography-2290258-letter-spacing ); word-spacing: var( --e-global-typography-2290258-word-spacing );\">Satinsa<\/span>&nbsp;no se hace responsable de los contenidos de dichos sitios web ni de sus pol\u00edticas de seguridad al ser sitios ajenos a nuestra empresa.<\/p>\n<p>Todos los componentes y elementos que forman el sitio Web, ya sean im\u00e1genes, dise\u00f1o, logos, etc. son titularidad de&nbsp;<span style=\"font-family: var( --e-global-typography-2290258-font-family ), Sans-serif; font-size: var( --e-global-typography-2290258-font-size ); font-weight: var( --e-global-typography-2290258-font-weight ); letter-spacing: var( --e-global-typography-2290258-letter-spacing ); word-spacing: var( --e-global-typography-2290258-word-spacing );\">Satinsa<\/span>, o bien tiene los derechos de sus propietarios para su uso o difusi\u00f3n.<\/p>\n<p>Se proh\u00edbe expresamente la reproducci\u00f3n, copia o alteraci\u00f3n del dise\u00f1o, configuraci\u00f3n original o contenidos de este sitio web ya que est\u00e1 protegido por los correspondientes derechos de propiedad intelectual e industrial.<\/p>\t\t\t\t\t\t<\/div>\n\t\t\t\t<\/div>\n\t\t\t\t\t<\/div>\n\t\t<\/div>\n\t\t\t\t\t<\/div>\n\t\t<\/section>\n\t\t\t\t<\/div>\n\t\t","protected":false},"excerpt":{"rendered":"<p>Privacy Policy IDENTIDAD, FINALIDAD Y EJERCICIO DE DERECHOS En cumplimiento de lo establecido en el art\u00edculo 10 de la Ley 34\/2002, de 11 de julio, de Servicios de la Sociedad de la Informaci\u00f3n y de Comercio Electr\u00f3nico (LSSI-CE), se informa que este sitio web es propiedad de&nbsp;SA&nbsp;DE TINTES SANZ,&nbsp;en adelante &#8220;SATINSA&#8221;,&nbsp;con CIF A46101291, con direcci\u00f3n [&hellip;]<\/p>\n","protected":false},"author":1,"featured_media":0,"parent":0,"menu_order":0,"comment_status":"closed","ping_status":"closed","template":"page-elementor.php","meta":{"_acf_changed":false,"footnotes":""},"class_list":["post-549","page","type-page","status-publish","hentry"],"acf":[],"yoast_head":"<!-- This site is optimized with the Yoast SEO plugin v22.4 - https:\/\/yoast.com\/wordpress\/plugins\/seo\/ -->\n<title>Privacy Policy - SATINSA<\/title>\n<meta name=\"robots\" content=\"index, follow, max-snippet:-1, max-image-preview:large, max-video-preview:-1\" \/>\n<link rel=\"canonical\" href=\"https:\/\/satinsa.com\/en\/privacy-policy\/\" \/>\n<meta property=\"og:locale\" content=\"en_US\" \/>\n<meta property=\"og:type\" content=\"article\" \/>\n<meta property=\"og:title\" content=\"Privacy Policy - SATINSA\" \/>\n<meta property=\"og:description\" content=\"Privacy Policy IDENTIDAD, FINALIDAD Y EJERCICIO DE DERECHOS En cumplimiento de lo establecido en el art\u00edculo 10 de la Ley 34\/2002, de 11 de julio, de Servicios de la Sociedad de la Informaci\u00f3n y de Comercio Electr\u00f3nico (LSSI-CE), se informa que este sitio web es propiedad de&nbsp;SA&nbsp;DE TINTES SANZ,&nbsp;en adelante &#8220;SATINSA&#8221;,&nbsp;con CIF A46101291, con direcci\u00f3n [&hellip;]\" \/>\n<meta property=\"og:url\" content=\"https:\/\/satinsa.com\/en\/privacy-policy\/\" \/>\n<meta property=\"og:site_name\" content=\"SATINSA\" \/>\n<meta property=\"article:modified_time\" content=\"2024-06-07T08:39:31+00:00\" \/>\n<meta name=\"twitter:card\" content=\"summary_large_image\" \/>\n<meta name=\"twitter:label1\" content=\"Est. reading time\" \/>\n\t<meta name=\"twitter:data1\" content=\"5 minutes\" \/>\n<script type=\"application\/ld+json\" class=\"yoast-schema-graph\">{\"@context\":\"https:\/\/schema.org\",\"@graph\":[{\"@type\":\"WebPage\",\"@id\":\"https:\/\/satinsa.com\/en\/privacy-policy\/\",\"url\":\"https:\/\/satinsa.com\/en\/privacy-policy\/\",\"name\":\"Privacy Policy - SATINSA\",\"isPartOf\":{\"@id\":\"https:\/\/satinsa.com\/en\/#website\"},\"datePublished\":\"2024-04-11T09:52:00+00:00\",\"dateModified\":\"2024-06-07T08:39:31+00:00\",\"breadcrumb\":{\"@id\":\"https:\/\/satinsa.com\/en\/privacy-policy\/#breadcrumb\"},\"inLanguage\":\"en-US\",\"potentialAction\":[{\"@type\":\"ReadAction\",\"target\":[\"https:\/\/satinsa.com\/en\/privacy-policy\/\"]}]},{\"@type\":\"BreadcrumbList\",\"@id\":\"https:\/\/satinsa.com\/en\/privacy-policy\/#breadcrumb\",\"itemListElement\":[{\"@type\":\"ListItem\",\"position\":1,\"name\":\"Portada\",\"item\":\"https:\/\/satinsa.com\/en\/\"},{\"@type\":\"ListItem\",\"position\":2,\"name\":\"Privacy Policy\"}]},{\"@type\":\"WebSite\",\"@id\":\"https:\/\/satinsa.com\/en\/#website\",\"url\":\"https:\/\/satinsa.com\/en\/\",\"name\":\"SATINSA\",\"description\":\"Otro sitio realizado con WordPress\",\"potentialAction\":[{\"@type\":\"SearchAction\",\"target\":{\"@type\":\"EntryPoint\",\"urlTemplate\":\"https:\/\/satinsa.com\/en\/?s={search_term_string}\"},\"query-input\":\"required name=search_term_string\"}],\"inLanguage\":\"en-US\"}]}<\/script>\n<!-- \/ Yoast SEO plugin. -->","yoast_head_json":{"title":"Privacy Policy - SATINSA","robots":{"index":"index","follow":"follow","max-snippet":"max-snippet:-1","max-image-preview":"max-image-preview:large","max-video-preview":"max-video-preview:-1"},"canonical":"https:\/\/satinsa.com\/en\/privacy-policy\/","og_locale":"en_US","og_type":"article","og_title":"Privacy Policy - SATINSA","og_description":"Privacy Policy IDENTIDAD, FINALIDAD Y EJERCICIO DE DERECHOS En cumplimiento de lo establecido en el art\u00edculo 10 de la Ley 34\/2002, de 11 de julio, de Servicios de la Sociedad de la Informaci\u00f3n y de Comercio Electr\u00f3nico (LSSI-CE), se informa que este sitio web es propiedad de&nbsp;SA&nbsp;DE TINTES SANZ,&nbsp;en adelante &#8220;SATINSA&#8221;,&nbsp;con CIF A46101291, con direcci\u00f3n [&hellip;]","og_url":"https:\/\/satinsa.com\/en\/privacy-policy\/","og_site_name":"SATINSA","article_modified_time":"2024-06-07T08:39:31+00:00","twitter_card":"summary_large_image","twitter_misc":{"Est. reading time":"5 minutes"},"schema":{"@context":"https:\/\/schema.org","@graph":[{"@type":"WebPage","@id":"https:\/\/satinsa.com\/en\/privacy-policy\/","url":"https:\/\/satinsa.com\/en\/privacy-policy\/","name":"Privacy Policy - SATINSA","isPartOf":{"@id":"https:\/\/satinsa.com\/en\/#website"},"datePublished":"2024-04-11T09:52:00+00:00","dateModified":"2024-06-07T08:39:31+00:00","breadcrumb":{"@id":"https:\/\/satinsa.com\/en\/privacy-policy\/#breadcrumb"},"inLanguage":"en-US","potentialAction":[{"@type":"ReadAction","target":["https:\/\/satinsa.com\/en\/privacy-policy\/"]}]},{"@type":"BreadcrumbList","@id":"https:\/\/satinsa.com\/en\/privacy-policy\/#breadcrumb","itemListElement":[{"@type":"ListItem","position":1,"name":"Portada","item":"https:\/\/satinsa.com\/en\/"},{"@type":"ListItem","position":2,"name":"Privacy Policy"}]},{"@type":"WebSite","@id":"https:\/\/satinsa.com\/en\/#website","url":"https:\/\/satinsa.com\/en\/","name":"SATINSA","description":"Otro sitio realizado con WordPress","potentialAction":[{"@type":"SearchAction","target":{"@type":"EntryPoint","urlTemplate":"https:\/\/satinsa.com\/en\/?s={search_term_string}"},"query-input":"required name=search_term_string"}],"inLanguage":"en-US"}]}},"_links":{"self":[{"href":"https:\/\/satinsa.com\/en\/wp-json\/wp\/v2\/pages\/549","targetHints":{"allow":["GET"]}}],"collection":[{"href":"https:\/\/satinsa.com\/en\/wp-json\/wp\/v2\/pages"}],"about":[{"href":"https:\/\/satinsa.com\/en\/wp-json\/wp\/v2\/types\/page"}],"author":[{"embeddable":true,"href":"https:\/\/satinsa.com\/en\/wp-json\/wp\/v2\/users\/1"}],"replies":[{"embeddable":true,"href":"https:\/\/satinsa.com\/en\/wp-json\/wp\/v2\/comments?post=549"}],"version-history":[{"count":8,"href":"https:\/\/satinsa.com\/en\/wp-json\/wp\/v2\/pages\/549\/revisions"}],"predecessor-version":[{"id":986,"href":"https:\/\/satinsa.com\/en\/wp-json\/wp\/v2\/pages\/549\/revisions\/986"}],"wp:attachment":[{"href":"https:\/\/satinsa.com\/en\/wp-json\/wp\/v2\/media?parent=549"}],"curies":[{"name":"wp","href":"https:\/\/api.w.org\/{rel}","templated":true}]}}